{"id":6801,"date":"2022-04-15T19:15:22","date_gmt":"2022-04-15T17:15:22","guid":{"rendered":"https:\/\/beanmachine.be\/politique-de-protection-de-la-vie-privee\/"},"modified":"2024-07-04T13:25:09","modified_gmt":"2024-07-04T11:25:09","slug":"politique-de-protection-de-la-vie-privee","status":"publish","type":"page","link":"https:\/\/beanmachine.be\/fr\/politique-de-protection-de-la-vie-privee\/","title":{"rendered":"Politique de protection de la vie priv\u00e9e"},"content":{"rendered":"\t\t<div data-elementor-type=\"wp-page\" data-elementor-id=\"6801\" class=\"elementor elementor-6801 elementor-3\" data-elementor-post-type=\"page\">\n\t\t\t\t\t\t<section class=\"elementor-section elementor-top-section elementor-element elementor-element-27d5787 elementor-section-boxed elementor-section-height-default elementor-section-height-default\" data-id=\"27d5787\" data-element_type=\"section\" data-e-type=\"section\">\n\t\t\t\t\t\t<div class=\"elementor-container elementor-column-gap-default\">\n\t\t\t\t\t<div class=\"elementor-column elementor-col-100 elementor-top-column elementor-element elementor-element-445a9e7\" data-id=\"445a9e7\" data-element_type=\"column\" data-e-type=\"column\">\n\t\t\t<div class=\"elementor-widget-wrap elementor-element-populated\">\n\t\t\t\t\t\t<div class=\"elementor-element elementor-element-e8cebcd elementor-widget elementor-widget-heading\" data-id=\"e8cebcd\" data-element_type=\"widget\" data-e-type=\"widget\" data-widget_type=\"heading.default\">\n\t\t\t\t<div class=\"elementor-widget-container\">\n\t\t\t\t\t<h1 class=\"elementor-heading-title elementor-size-default\">Politique de protection de la vie priv\u00e9e<\/h1>\t\t\t\t<\/div>\n\t\t\t\t<\/div>\n\t\t\t\t<div class=\"elementor-element elementor-element-8949732 elementor-widget elementor-widget-text-editor\" data-id=\"8949732\" data-element_type=\"widget\" data-e-type=\"widget\" data-widget_type=\"text-editor.default\">\n\t\t\t\t<div class=\"elementor-widget-container\">\n\t\t\t\t\t\t\t\t\t<h2>1. Introduction<\/h2>\n<p>La pr\u00e9sente version de la politique de protection de la vie priv\u00e9e est d&rsquo;application depuis le 25 mai 2018. \u00c0 cette date, le R\u00e8glement g\u00e9n\u00e9ral sur la protection des donn\u00e9es (\u00a0\u00bb RGPD \u00ab\u00a0) entre en vigueur, qui prot\u00e8ge les personnes physiques dans le cadre du traitement des donn\u00e9es \u00e0 caract\u00e8re personnel et en ce qui concerne la libre circulation de ces donn\u00e9es. Ce RGPD remplace \u00e9galement la Loi Belge du 8 d\u00e9cembre 1992.<\/p>\n<p>Si le RGPD d\u00e9finit un certain nombre de droits pour les personnes physiques dont les donn\u00e9es \u00e0 caract\u00e8re personnel sont trait\u00e9es, elle impose \u00e9galement des obligations sp\u00e9cifiques aux organisations et entreprises qui traitent ces donn\u00e9es \u00e0 caract\u00e8re personnel.<\/p>\n<p>La pr\u00e9sente politique de protection de la vie priv\u00e9e d\u00e9crit comment et quand nous collectons, utilisons et partageons vos donn\u00e9es et informations personnelles lorsque vous utilisez notre site web, disponible \u00e0 l&rsquo;adresse <a href=\"https:\/\/beanmachine.be\/fr\/\">www.beanmachine.be<\/a> et tout sous-site ou application exploit\u00e9 par nous ou en notre nom (d\u00e9sign\u00e9s respectivement par le(s) \u00ab\u00a0service(s)\u00a0\u00bb ou le(s) \u00ab\u00a0site(s) web\u00a0\u00bb).<\/p>\n<\/p>\n<h2>2. G\u00e9n\u00e9ralit\u00e9s<\/h2>\n<p>En visitant notre site web ou en utilisant nos services, en remplissant et en soumettant un formulaire de contact et\/ou en contactant l&rsquo;un de nos collaborateurs de quelque mani\u00e8re que ce soit, vous reconnaissez et acceptez que vos donn\u00e9es \u00e0 caract\u00e8re personnel soient trait\u00e9es de la mani\u00e8re d\u00e9crite dans la pr\u00e9sente politique de protection de la vie priv\u00e9e.<\/p>\n<p>N\u00e9anmoins, vous pouvez vous opposer \u00e0 certains traitements \u00e0 tout moment sous certaines conditions ; veuillez consulter le \u00a79 ci-dessous. N&rsquo;h\u00e9sitez pas non plus \u00e0 nous contacter si vous avez d&rsquo;autres questions et\/ou commentaires concernant la pr\u00e9sente politique de protection de la vie priv\u00e9e.<\/p>\n<h2>3. Nature des donn\u00e9es personnelles que nous traitons<\/h2>\n<p>Dans le cadre de nos services, nous avons r\u00e9duit au strict minimum le traitement des donn\u00e9es \u00e0 caract\u00e8re personnel. Les donn\u00e9es personnelles que nous traitons concernent notamment :<\/p>\n<ul>\n<li>votre nom et pr\u00e9nom;<\/li>\n<li>votre num\u00e9ro de t\u00e9l\u00e9phone;<\/li>\n<li>votre adresse;<\/li>\n<li>votre adresse email, dans la mesure o\u00f9 elle contient des donn\u00e9es \u00e0 caract\u00e8re personnel.<\/li>\n<\/ul>\n<p>Nous pouvons \u00e9galement traiter des donn\u00e9es relatives \u00e0 vos int\u00e9r\u00eats personnels, telles que vous les avez fournies lors du processus d&rsquo;inscription ou autrement.<\/p>\n<p>Nous collectons et traitons \u00e9galement les donn\u00e9es recueillies lors de votre utilisation de notre site web (navigation). Ces donn\u00e9es peuvent inclure la date et l&rsquo;heure de votre visite (horodatage), le type de navigateur que vous utilisez, votre adresse IP et les pages visit\u00e9es.<\/p>\n<p>Dans ce contexte, nous pouvons \u00e9galement collecter des donn\u00e9es de nature non personnelle, telles que le type de navigateur ou l&rsquo;adresse IP, le syst\u00e8me d&rsquo;exploitation que vous utilisez ou le nom de domaine du site web par lequel vous avez visit\u00e9 notre site web. Nous utilisons ces donn\u00e9es exclusivement pour mieux comprendre l&rsquo;utilisation que nos utilisateurs font du\/des site(s) web respectif(s) en vue d&rsquo;am\u00e9liorer les fonctionnalit\u00e9s et l&rsquo;exp\u00e9rience de l&rsquo;utilisateur. Voir \u00e9galement les dispositions relatives \u00e0 la configuration et \u00e0 l&rsquo;utilisation que nous faisons des cookies au \u00a710 ci-dessous.<\/p>\n<\/p>\n<h2>4. Objectifs du traitement des donn\u00e9es \u00e0 caract\u00e8re personnel<\/h2>\n<p>Nous traitons ces donn\u00e9es \u00e0 caract\u00e8re personnel \u00e0 diverses fins :<\/p>\n<ul>\n<li>si vous nous donnez votre consentement explicite \u00e0 cet effet : pour vous envoyer des lettres d&rsquo;information ou d&rsquo;autres messages pouvant inclure des offres commerciales (par courrier \u00e9lectronique ou \u00e0 votre adresse physique) ;<\/li>\n<li>lorsque vous concluez un contrat avec nous : pour vous identifier conform\u00e9ment aux dispositions l\u00e9gales applicables en la mati\u00e8re (nom, pr\u00e9nom, adresse physique, e-mail, etc.) ;<\/li>\n<li>dans ce cas, pour vous authentifier en tant que client\/utilisateur de notre site web ;<\/li>\n<li>si vous transmettez \u00e9galement votre adresse e-mail, nous utilisons ces donn\u00e9es personnelles pour transf\u00e9rer des informations qui sont principalement n\u00e9cessaires \u00e0 l&rsquo;ex\u00e9cution de notre (nos) contrat(s) avec vous : envoi de notifications, de confirmations, \u00e9ventuellement de factures et de rappels, etc.<\/li>\n<\/ul>\n<p>Certaines donn\u00e9es pouvant \u00eatre qualifi\u00e9es de donn\u00e9es \u00e0 caract\u00e8re personnel, telles que le num\u00e9ro de client, le num\u00e9ro de facture, etc. sont g\u00e9n\u00e9r\u00e9es par nous. Ces donn\u00e9es ne sont trait\u00e9es par nous que dans le cadre de l&rsquo;ex\u00e9cution du (des) contrat(s) que vous avez conclu(s) avec nous.<\/p>\n<p>Toutefois, ce transfert et cette mise \u00e0 disposition sont limit\u00e9s au traitement strictement n\u00e9cessaire dans le cadre de nos services, y compris la gestion administrative, la fourniture d&rsquo;informations \u00e0 et par le service client\u00e8le, etc.<\/p>\n<\/p>\n<h2>5. Transfert de vos donn\u00e9es personnelles \u00e0 des tiers<\/h2>\n<p>Dans le cadre de certains de nos services, nous faisons appel \u00e0 un ou plusieurs prestataires de services externes, notamment pour l&rsquo;h\u00e9bergement et la gestion de notre site web et des fonctionnalit\u00e9s sp\u00e9cifiques qui y sont associ\u00e9es (par exemple l&rsquo;envoi de newsletters, d&rsquo;annonces, la r\u00e9servation, etc.) Le traitement des donn\u00e9es personnelles par ces tiers est limit\u00e9 \u00e0 un support purement technique.<\/p>\n<p>En dehors de ces sous-traitants, vos donn\u00e9es personnelles ne seront utilis\u00e9es que par nos employ\u00e9s internes qui sont autoris\u00e9s \u00e0 le faire.<\/p>\n<p>Toutefois, nous pouvons divulguer vos donn\u00e9es \u00e0 caract\u00e8re personnel \u00e0 des tiers en r\u00e9ponse \u00e0 une demande d&rsquo;information si nous estimons que la divulgation est conforme aux lois, r\u00e9glementations ou proc\u00e9dures juridiques applicables, ou si elle est autrement requise par les lois, r\u00e8gles, r\u00e9glementations ou dispositions contractuelles applicables, ou si nous estimons que vos actions sont incompatibles avec l&rsquo;esprit ou le langage de nos accords ou politiques d&rsquo;utilisation, ou pour prot\u00e9ger les droits, la propri\u00e9t\u00e9 et la s\u00e9curit\u00e9 de nous-m\u00eames ou d&rsquo;autrui.<\/p>\n<p>Dans ce cas, lorsque la fourniture du service concern\u00e9 l&rsquo;exige, ou pour soutenir le traitement technique, administratif et\/ou financier, vos donn\u00e9es \u00e0 caract\u00e8re personnel peuvent \u00eatre transf\u00e9r\u00e9es et trait\u00e9es par un ou plusieurs tiers. Nous avons conclu un accord distinct avec ces soci\u00e9t\u00e9s, qui r\u00e9glemente explicitement le traitement des donn\u00e9es personnelles et inclut l&rsquo;exercice possible des droits des personnes concern\u00e9es.<\/p>\n<p>En outre, conform\u00e9ment aux dispositions l\u00e9gales pertinentes, vos donn\u00e9es personnelles peuvent \u00eatre transf\u00e9r\u00e9es aux autorit\u00e9s publiques.<\/p>\n<\/p>\n<h2>6. Pas de transfert de donn\u00e9es personnelles \u00e0 des tiers \u00e0 des fins promotionnelles<\/h2>\n<p>Except\u00e9 si nous avons obtenu votre consentement explicite et pr\u00e9alable, nous ne transmettons pas vos donn\u00e9es personnelles \u00e0 des tiers \u00e0 des fins promotionnelles ou d&rsquo;utilisation commerciale par ces derniers.<\/p>\n<\/p>\n<h2>7. Mesures de s\u00e9curit\u00e9 techniques<\/h2>\n<p>Nous avons mis en place des mesures techniques et op\u00e9rationnelles appropri\u00e9es pour garantir que vos donn\u00e9es \u00e0 caract\u00e8re personnel soient prot\u00e9g\u00e9es contre tout acc\u00e8s, suppression ou modification non autoris\u00e9s.<\/p>\n<p>Nous prenons des mesures raisonnables pour aider \u00e0 prot\u00e9ger les informations vous concernant contre la perte, le vol, l&rsquo;utilisation abusive et l&rsquo;acc\u00e8s non autoris\u00e9, la divulgation, l&rsquo;alt\u00e9ration et la destruction. Toutefois, comme indiqu\u00e9 dans nos conditions g\u00e9n\u00e9rales, vous reconnaissez et acceptez express\u00e9ment que, d&rsquo;une mani\u00e8re g\u00e9n\u00e9rale, la transmission d&rsquo;informations sur l&rsquo;internet n&rsquo;est jamais totalement s\u00fbre, priv\u00e9e ou confidentielle. Par cons\u00e9quent, toute information envoy\u00e9e ou re\u00e7ue \u00e0 partir du site web ou en utilisant l&rsquo;un des services que nous fournissons peut \u00eatre intercept\u00e9e, d\u00e9crypt\u00e9e, consult\u00e9e et\/ou utilis\u00e9e par des tiers, m\u00eame si une technologie est utilis\u00e9e pour crypter ces \u00e9changes d&rsquo;informations.<\/p>\n<p>En tout \u00e9tat de cause, nous continuerons \u00e0 faire les efforts n\u00e9cessaires pour assurer la protection de vos donn\u00e9es personnelles conform\u00e9ment aux lois applicables et aux meilleures pratiques.<\/p>\n<\/p>\n<h2>8. Code de conduite pour les employ\u00e9s<\/h2>\n<p>Certains de nos employ\u00e9s ont acc\u00e8s \u00e0 vos donn\u00e9es personnelles mentionn\u00e9es ci-dessus, dans ce contexte ils sont li\u00e9s par un code de conduite strict. Ce code de conduite comprend notamment :<\/p>\n<ul>\n<li>l&rsquo;engagement de confidentialit\u00e9 des donn\u00e9es personnelles auxquelles ils ont acc\u00e8s dans le cadre de leur mission ;<\/li>\n<li>l&rsquo;engagement de ne traiter les donn\u00e9es \u00e0 caract\u00e8re personnel que dans le cadre de l&rsquo;ex\u00e9cution de leurs t\u00e2ches ;<\/li>\n<li>le respect des dispositions l\u00e9gales pertinentes.<\/li>\n<\/ul>\n<div> <\/div>\n<h2>9. Droit de rectification, d&rsquo;opposition, d&rsquo;effacement des donn\u00e9es et de limitation du traitement<\/h2>\n<p>Nous vous donnons la possibilit\u00e9 d&rsquo;exercer votre droit de rectification, d&rsquo;opposition, d&rsquo;effacement des donn\u00e9es et\/ou de limitation du traitement des donn\u00e9es \u00e0 caract\u00e8re personnel pour les diff\u00e9rents services que nous proposons.<\/p>\n<p><strong>Droit de rectification<\/strong><\/p>\n<p>Si vous \u00eates un client ou un utilisateur enregistr\u00e9 des services que nous fournissons, vous pouvez modifier, mettre \u00e0 jour ou changer les informations personnelles que vous nous avez fournies en rapport avec votre compte et votre profil d&rsquo;utilisateur, le cas \u00e9ch\u00e9ant. Pour ce faire, veuillez nous envoyer une demande \u00e9crite comme indiqu\u00e9 ci-dessous.<\/p>\n<p><strong>Effacement automatique des donn\u00e9es<\/strong><\/p>\n<p>Sauf accord contraire, toutes les informations personnelles collect\u00e9es par le biais du site web ou des services fournis par nous seront automatiquement supprim\u00e9es apr\u00e8s une p\u00e9riode de dix ans suivant la fin de l&rsquo;accord entre vous et nous. Par cons\u00e9quent, vos donn\u00e9es seront conserv\u00e9es pendant le d\u00e9lai de prescription l\u00e9gal.<\/p>\n<p><strong>Exercice des droits<\/strong> L&rsquo;exercice de ces droits peut se faire de la mani\u00e8re suivante :<\/p>\n<ul>\n<li>par \u00e9crit : en envoyant une lettre recommand\u00e9e \u00e0 Broydenborglaan 61, 2660 Hoboken, en pr\u00e9cisant les droits que vous souhaitez exercer et en joignant une copie de votre carte d&rsquo;identit\u00e9 (recto et verso) ;<\/li>\n<li>par voie \u00e9lectronique : en envoyant un envoi recommand\u00e9 \u00e0 <a href=\"mailto:hello@beanmachine.be\">hello@beanmachine.be<\/a>, en pr\u00e9cisant les droits que vous souhaitez exercer et en joignant un scan de votre carte d&rsquo;identit\u00e9 (recto et verso).<\/li>\n<\/ul>\n<div> <\/div>\n<p>Veuillez noter que l&rsquo;exercice d&rsquo;un ou de plusieurs des droits susmentionn\u00e9s :<\/p>\n<ul>\n<li>pour un service particulier n&rsquo;affecte pas n\u00e9cessairement vos donn\u00e9es fournies dans le cadre d&rsquo;un autre service fourni par nous (par exemple, si vous avez plusieurs logins ou num\u00e9ros de client). Si vous souhaitez effectuer cette modification ou correction \u00e9galement pour un ou plusieurs autres de nos services, vous devrez r\u00e9p\u00e9ter cette demande une ou plusieurs fois si n\u00e9cessaire ;<\/li>\n<li>peut, dans certains cas, \u00eatre refus\u00e9e ou limit\u00e9e en tout ou en partie, refus que nous justifierons dans notre r\u00e9ponse, dans le cas d&rsquo;esp\u00e8ce, en nous r\u00e9f\u00e9rant aux questions les plus fr\u00e9quemment pos\u00e9es. \u00c0 titre d&rsquo;exemple, ces raisons peuvent inclure : le fait que nous devons conserver certaines donn\u00e9es pendant une p\u00e9riode de conservation d\u00e9termin\u00e9e par la loi, si le traitement des donn\u00e9es \u00e0 caract\u00e8re personnel est essentiel dans le cadre de l&rsquo;ex\u00e9cution du contrat, &#8230;) ;<\/li>\n<li>dans certains cas, peut entra\u00eener la suspension ou la r\u00e9siliation de tout ou partie de la relation contractuelle en ce qui concerne la fourniture de ce service.<\/li>\n<\/ul>\n<div> <\/div>\n<h2>10. Cookies<\/h2>\n<p>Nous pouvons utiliser les informations vous concernant pour personnaliser et am\u00e9liorer nos services et pour fournir un contenu ou des fonctionnalit\u00e9s qui correspondent aux profils ou aux int\u00e9r\u00eats des utilisateurs, ainsi que pour suivre et analyser les tendances, l&rsquo;utilisation et l&rsquo;activit\u00e9 li\u00e9es \u00e0 nos services. Pour ce faire, nous utilisons diverses technologies pour collecter des informations, notamment l&rsquo;envoi de cookies sur votre ordinateur ou votre appareil.<\/p>\n<p>Les cookies sont de petits fichiers de donn\u00e9es stock\u00e9s dans la m\u00e9moire de l&rsquo;appareil qui nous permettent d&rsquo;am\u00e9liorer nos services et votre exp\u00e9rience d&rsquo;utilisateur, de voir quelles pages sont populaires et d&rsquo;enregistrer le nombre de visites sur notre site web.<\/p>\n<p>Nous utilisons \u00e0 la fois des cookies fonctionnels et des cookies analytiques.<\/p>\n<p>Les cookies fonctionnels sont essentiels \u00e0 l&rsquo;utilisation de nos sites web, ils enregistrent les pr\u00e9f\u00e9rences des utilisateurs, entre autres, et ne sont pas partag\u00e9s avec des tiers. Les cookies analytiques nous aident \u00e0 am\u00e9liorer notre site en nous donnant des informations sur la mani\u00e8re dont les utilisateurs interagissent avec nos sites web, comme le nombre de visiteurs du site web, les pages qu&rsquo;ils visitent et le temps pass\u00e9 sur le site web. Ces cookies ne collectent aucune information permettant d&rsquo;identifier un visiteur.<\/p>\n<p>Toutes les informations collect\u00e9es par ces cookies sont agr\u00e9g\u00e9es et donc anonymes.<\/p>\n<p>La plupart des navigateurs Internet vous permettent de supprimer les cookies de votre disque dur, de les refuser ou de recevoir un avertissement avant qu&rsquo;un cookie ne soit install\u00e9. Veuillez consulter les instructions ou la fonction d&rsquo;aide de votre navigateur internet pour plus de d\u00e9tails, ou visitez le site <a href=\"http:\/\/www.allaboutcookies.com\/\" rel=\"nofollow noopener\" target=\"_blank\">www.allaboutcookies.org<\/a>.<\/p>\n<p>Veuillez noter que si vous choisissez de bloquer, de supprimer ou de rejeter les cookies, cela peut avoir un effet n\u00e9gatif sur la disponibilit\u00e9 et la fonctionnalit\u00e9 du site web et des services que nous fournissons.<\/p>\n<\/p>\n<h2>11. Questions et r\u00e9clamations ; exercice des droits par la personne concern\u00e9e<\/h2>\n<p>Si vous avez d&rsquo;autres questions sur la mani\u00e8re dont nous utilisons les donn\u00e9es \u00e0 caract\u00e8re personnel, si vous souhaitez consulter, corriger, mettre \u00e0 jour ou supprimer vos donn\u00e9es \u00e0 caract\u00e8re personnel ou si vous souhaitez introduire une r\u00e9clamation, veuillez nous contacter \u00e0 l&rsquo;adresse \u00e9lectronique suivante : <a style=\"font-size: 1rem; background-color: #ffffff;\" href=\"mailto:hello@beanmachine.be\">hello@beanmachine.be<\/a><span style=\"color: var( --e-global-color-text ); font-size: 1rem;\">. <\/span><\/p>\n<p>En ce qui concerne l&rsquo;exercice de vos droits : pour nous emp\u00eacher de divulguer, modifier, restreindre ou supprimer vos donn\u00e9es \u00e0 caract\u00e8re personnel \u00e0 la suite d&rsquo;une demande \u00e9manant d&rsquo;un tiers (et donc pas de vous-m\u00eame), nous vous demandons d&rsquo;envoyer, avec la demande &#8211; qui doit \u00eatre \u00e9crite, dat\u00e9e et sign\u00e9e &#8211; une copie de votre carte d&rsquo;identit\u00e9 (recto et verso) \u00e0 l&rsquo;adresse \u00e9lectronique suivante <a style=\"font-size: 1rem; background-color: #ffffff;\" href=\"mailto:hello@beanmachine.be\">hello@beanmachine.be <\/a><span style=\"color: var( --e-global-color-text ); font-size: 1rem;\">ou par lettre adress\u00e9e \u00e0 l&rsquo;adresse mentionn\u00e9e ci-dessus. <\/span><\/p>\n<p>Dans ce cas, vous pouvez introduire une plainte aupr\u00e8s de l&rsquo;Autorit\u00e9 belge de protection des donn\u00e9es, Rue de la Presse 35, 1000 Bruxelles.<\/p>\n<\/p>\n<h2>12. Modifications de la pr\u00e9sente politique de protection de la vi priv\u00e9e<\/h2>\n<p>Nous nous r\u00e9servons le droit de r\u00e9viser la pr\u00e9sente politique de protection de la vie priv\u00e9e de temps \u00e0 autre.<\/p>\n<p>Outre l&rsquo;annonce de ces modifications sur notre (nos) site(s) web, nous pouvons, dans certains cas, vous envoyer un avis suppl\u00e9mentaire et\/ou afficher un avis distinct sur le site web ou dans la zone utilisateur. En tout \u00e9tat de cause, nous vous encourageons \u00e0 consulter la version la plus r\u00e9cente de la pr\u00e9sente politique de protection de la vie priv\u00e9e chaque fois que vous visitez notre site web, afin de vous tenir inform\u00e9 de nos activit\u00e9s de traitement et de la mani\u00e8re dont nous prot\u00e9geons votre vie priv\u00e9e et vos donn\u00e9es \u00e0 caract\u00e8re personnel.<\/p>\n\t\t\t\t\t\t\t\t<\/div>\n\t\t\t\t<\/div>\n\t\t\t\t\t<\/div>\n\t\t<\/div>\n\t\t\t\t\t<\/div>\n\t\t<\/section>\n\t\t\t\t<\/div>\n\t\t","protected":false},"excerpt":{"rendered":"<p>Politique de protection de la vie priv\u00e9e 1. Introduction La pr\u00e9sente version de la politique de protection de la vie priv\u00e9e est d&rsquo;application depuis le 25 mai 2018. \u00c0 cette date, le R\u00e8glement g\u00e9n\u00e9ral sur la protection des donn\u00e9es (\u00a0\u00bb RGPD \u00ab\u00a0) entre en vigueur, qui prot\u00e8ge les personnes physiques dans le cadre du traitement [&hellip;]<\/p>\n","protected":false},"author":1,"featured_media":0,"parent":0,"menu_order":50,"comment_status":"closed","ping_status":"closed","template":"","meta":{"_acf_changed":false,"content-type":"","footnotes":""},"class_list":["post-6801","page","type-page","status-publish","hentry"],"acf":[],"_links":{"self":[{"href":"https:\/\/beanmachine.be\/fr\/wp-json\/wp\/v2\/pages\/6801","targetHints":{"allow":["GET"]}}],"collection":[{"href":"https:\/\/beanmachine.be\/fr\/wp-json\/wp\/v2\/pages"}],"about":[{"href":"https:\/\/beanmachine.be\/fr\/wp-json\/wp\/v2\/types\/page"}],"author":[{"embeddable":true,"href":"https:\/\/beanmachine.be\/fr\/wp-json\/wp\/v2\/users\/1"}],"replies":[{"embeddable":true,"href":"https:\/\/beanmachine.be\/fr\/wp-json\/wp\/v2\/comments?post=6801"}],"version-history":[{"count":0,"href":"https:\/\/beanmachine.be\/fr\/wp-json\/wp\/v2\/pages\/6801\/revisions"}],"wp:attachment":[{"href":"https:\/\/beanmachine.be\/fr\/wp-json\/wp\/v2\/media?parent=6801"}],"curies":[{"name":"wp","href":"https:\/\/api.w.org\/{rel}","templated":true}]}}